{"id":53,"date":"2015-08-21T18:42:36","date_gmt":"2015-08-21T16:42:36","guid":{"rendered":"http:\/\/meinhundehotel.de\/?page_id=53"},"modified":"2021-11-14T08:54:32","modified_gmt":"2021-11-14T07:54:32","slug":"zielobjektsuche","status":"publish","type":"page","link":"https:\/\/hundezentrum-reichertshofen.de\/?page_id=53","title":{"rendered":"Zielobjektsuche \/ ZOS\u00ae"},"content":{"rendered":"<p>Mit der Zielobjektsuche, auch kurz ZOS\u00ae genannt, gibt es eine tolle Premium-Auslastung f\u00fcr unsere geliebten Vierbeiner mit vielen Vorteilen:<\/p>\n<ul>\n<li>der \u201eSelbstbewusstseins-Kick\u201c f\u00fcr unsichere Hunde<\/li>\n<li>\u009bdie Bindung zum Besitzer wird gest\u00e4rkt<\/li>\n<li>\u009bdie Konzentrationsf\u00e4higkeit wird ausgebaut<\/li>\n<li>\u009bZOS kann sowohl von \u00e4lteren Hunden als auch von Junghunden ausge\u00fcbt werden<\/li>\n<li>\u009bZOS ist sowohl f\u00fcr Hundehalter als auch f\u00fcr Hunde mit k\u00f6rperlichen Einschr\u00e4nkungen hervorragend geeignet<\/li>\n<li>ZOS kann ein gutes \u201eVentil\u201c bei unerw\u00fcnschtem Verhalten sein<\/li>\n<li>oder schlicht auch nur ein toller Job f\u00fcr den Familienhund mit dem Wunsch nach Besch\u00e4ftigung!<\/li>\n<\/ul>\n<p>Mehr zur Zielobjektsuche finden Sie auf unserer ZOS-Homepage <a href=\"http:\/\/www.zielobjektsuche-bayern.de\" target=\"_blank\" rel=\"noopener noreferrer\">www.zielobjektsuche-bayern.de<\/a>.<\/p>\n","protected":false},"excerpt":{"rendered":"<p>Mit der Zielobjektsuche, auch kurz ZOS\u00ae genannt, gibt es eine tolle Premium-Auslastung f\u00fcr unsere geliebten Vierbeiner mit vielen Vorteilen: der \u201eSelbstbewusstseins-Kick\u201c f\u00fcr unsichere Hunde \u009bdie Bindung zum Besitzer wird gest\u00e4rkt \u009bdie Konzentrationsf\u00e4higkeit wird ausgebaut \u009bZOS kann sowohl von \u00e4lteren Hunden als auch von Junghunden ausge\u00fcbt werden \u009bZOS ist sowohl f\u00fcr Hundehalter als auch f\u00fcr Hunde [&hellip;]<\/p>\n","protected":false},"author":1,"featured_media":0,"parent":0,"menu_order":5,"comment_status":"closed","ping_status":"closed","template":"","meta":{"footnotes":""},"class_list":["post-53","page","type-page","status-publish","hentry"],"yoast_head":"<!-- This site is optimized with the Yoast SEO Premium plugin v15.0 - https:\/\/yoast.com\/wordpress\/plugins\/seo\/ -->\n<title>Zielobjektsuche \/ ZOS\u00ae | Hundezentrum Reichertshofen<\/title>\n<meta name=\"robots\" content=\"index, follow, max-snippet:-1, max-image-preview:large, max-video-preview:-1\" \/>\n<link rel=\"canonical\" href=\"https:\/\/hundezentrum-reichertshofen.de\/?page_id=53\" \/>\n<meta property=\"og:locale\" content=\"de_DE\" \/>\n<meta property=\"og:type\" content=\"article\" \/>\n<meta property=\"og:title\" content=\"Zielobjektsuche \/ ZOS\u00ae | Hundezentrum Reichertshofen\" \/>\n<meta property=\"og:description\" content=\"Mit der Zielobjektsuche, auch kurz ZOS\u00ae genannt, gibt es eine tolle Premium-Auslastung f\u00fcr unsere geliebten Vierbeiner mit vielen Vorteilen: der \u201eSelbstbewusstseins-Kick\u201c f\u00fcr unsichere Hunde \u009bdie Bindung zum Besitzer wird gest\u00e4rkt \u009bdie Konzentrationsf\u00e4higkeit wird ausgebaut \u009bZOS kann sowohl von \u00e4lteren Hunden als auch von Junghunden ausge\u00fcbt werden \u009bZOS ist sowohl f\u00fcr Hundehalter als auch f\u00fcr Hunde [&hellip;]\" \/>\n<meta property=\"og:url\" content=\"https:\/\/hundezentrum-reichertshofen.de\/?page_id=53\" \/>\n<meta property=\"og:site_name\" content=\"Hundezentrum Reichertshofen\" \/>\n<meta property=\"article:publisher\" content=\"https:\/\/www.facebook.com\/Hundezentrum.Reichertshofen\/\" \/>\n<meta property=\"article:modified_time\" content=\"2021-11-14T07:54:32+00:00\" \/>\n<meta property=\"fb:app_id\" content=\"1621591891461663\" \/>\n<meta name=\"twitter:card\" content=\"summary\" \/>\n<script type=\"application\/ld+json\" class=\"yoast-schema-graph\">{\"@context\":\"https:\/\/schema.org\",\"@graph\":[{\"@type\":\"WebSite\",\"@id\":\"https:\/\/hundezentrum-reichertshofen.de\/#website\",\"url\":\"https:\/\/hundezentrum-reichertshofen.de\/\",\"name\":\"Hundezentrum Reichertshofen\",\"description\":\"Meine Hundeschule - Mein Hundehotel - Ladengesch\\u00e4ft und Online-Shop\",\"potentialAction\":[{\"@type\":\"SearchAction\",\"target\":\"https:\/\/hundezentrum-reichertshofen.de\/?s={search_term_string}\",\"query-input\":\"required name=search_term_string\"}],\"inLanguage\":\"de\"},{\"@type\":\"WebPage\",\"@id\":\"https:\/\/hundezentrum-reichertshofen.de\/?page_id=53#webpage\",\"url\":\"https:\/\/hundezentrum-reichertshofen.de\/?page_id=53\",\"name\":\"Zielobjektsuche \/ ZOS\\u00ae | Hundezentrum Reichertshofen\",\"isPartOf\":{\"@id\":\"https:\/\/hundezentrum-reichertshofen.de\/#website\"},\"datePublished\":\"2015-08-21T16:42:36+00:00\",\"dateModified\":\"2021-11-14T07:54:32+00:00\",\"inLanguage\":\"de\",\"potentialAction\":[{\"@type\":\"ReadAction\",\"target\":[\"https:\/\/hundezentrum-reichertshofen.de\/?page_id=53\"]}]}]}<\/script>\n<!-- \/ Yoast SEO Premium plugin. -->","_links":{"self":[{"href":"https:\/\/hundezentrum-reichertshofen.de\/index.php?rest_route=\/wp\/v2\/pages\/53","targetHints":{"allow":["GET"]}}],"collection":[{"href":"https:\/\/hundezentrum-reichertshofen.de\/index.php?rest_route=\/wp\/v2\/pages"}],"about":[{"href":"https:\/\/hundezentrum-reichertshofen.de\/index.php?rest_route=\/wp\/v2\/types\/page"}],"author":[{"embeddable":true,"href":"https:\/\/hundezentrum-reichertshofen.de\/index.php?rest_route=\/wp\/v2\/users\/1"}],"replies":[{"embeddable":true,"href":"https:\/\/hundezentrum-reichertshofen.de\/index.php?rest_route=%2Fwp%2Fv2%2Fcomments&post=53"}],"version-history":[{"count":4,"href":"https:\/\/hundezentrum-reichertshofen.de\/index.php?rest_route=\/wp\/v2\/pages\/53\/revisions"}],"predecessor-version":[{"id":28703,"href":"https:\/\/hundezentrum-reichertshofen.de\/index.php?rest_route=\/wp\/v2\/pages\/53\/revisions\/28703"}],"wp:attachment":[{"href":"https:\/\/hundezentrum-reichertshofen.de\/index.php?rest_route=%2Fwp%2Fv2%2Fmedia&parent=53"}],"curies":[{"name":"wp","href":"https:\/\/api.w.org\/{rel}","templated":true}]}}