{"id":28425,"date":"2020-06-30T20:44:21","date_gmt":"2020-06-30T18:44:21","guid":{"rendered":"https:\/\/hundezentrum-reichertshofen.de\/?page_id=28425"},"modified":"2024-04-03T19:05:20","modified_gmt":"2024-04-03T17:05:20","slug":"ueber-uns-2","status":"publish","type":"page","link":"https:\/\/hundezentrum-reichertshofen.de\/?page_id=28425","title":{"rendered":"\u00dcber uns"},"content":{"rendered":"<h1>\u00dcber uns &#8211; Unser Hundezentrum<\/h1>\n<p style=\"background: #F8F8F8; vertical-align: baseline; margin: 10.2pt 0cm 10.2pt 0cm;\"><strong><span style=\"font-size: 14.0pt; font-family: 'Bahnschrift SemiBold',sans-serif; color: #666666;\">Hallo zusammen,<\/span><\/strong><\/p>\n<p style=\"background: #F8F8F8; vertical-align: baseline; margin: 10.2pt 0cm 10.2pt 0cm;\"><strong><span style=\"font-size: 14.0pt; font-family: 'Bahnschrift SemiBold',sans-serif; color: #666666;\">mein Name ist Felix Klapperich. Mit meiner kleinen Familie und unserem Hund Dante lebe ich auf unserem Hof in Reichertshofen, Stockau 12 und leite das Hundezentrum. Unterst\u00fctzt werden wir durch unsere langj\u00e4hrige Mitarbeiterin. <\/span><\/strong><\/p>\n<p style=\"background: #F8F8F8; vertical-align: baseline; margin: 10.2pt 0cm 10.2pt 0cm;\"><strong><span style=\"font-size: 14.0pt; font-family: 'Bahnschrift SemiBold',sans-serif; color: #666666;\">Ich bin in der sch\u00f6nen Holledau in einer tierlieben Gro\u00dffamilie mit unseren Familienhunden aufgewachsen. <\/span><\/strong><\/p>\n<p style=\"background: #F8F8F8; vertical-align: baseline; margin: 10.2pt 0cm 10.2pt 0cm;\"><strong><span style=\"font-size: 14.0pt; font-family: 'Bahnschrift SemiBold',sans-serif; color: #666666;\">Wir sind durch das Veterin\u00e4ramt nach dem Sachkundenachweis \u00a711 des Tierschutzgesetzes gepr\u00fcft und qualifiziert und garantieren eine sachkundige sowie verantwortungsbewusste Betreuung mit viel Herz. Unsere Tierliebe und Leidenschaft zum Hund nun als Beruf ausf\u00fchren zu d\u00fcrfen, macht uns sehr gl\u00fccklich.<\/span><\/strong><\/p>\n<p style=\"background: #F8F8F8; vertical-align: baseline; margin: 10.2pt 0cm 10.2pt 0cm;\"><strong><span style=\"font-size: 14.0pt; font-family: 'Bahnschrift SemiBold',sans-serif; color: #666666;\">Wir sind jeden Tag 24 Stunden f\u00fcr die uns anvertrauten Hunde da. Das Wohl eines jeden Hundes steht bei uns im Vordergrund. Mit viel Einf\u00fchlungsverm\u00f6gen und liebevoller Betreuung versuchen wir, alle Bed\u00fcrfnisse des Besitzers und seines Lieblings zu erf\u00fcllen. <\/span><\/strong><\/p>\n<p style=\"background: #F8F8F8; vertical-align: baseline; margin: 10.2pt 0cm 10.2pt 0cm;\"><strong><span style=\"font-size: 14.0pt; font-family: 'Bahnschrift SemiBold',sans-serif; color: #666666;\">Der Hof befindet sich zwischen M\u00fcnchen und Ingolstadt in idyllischer Lage. Das gro\u00dfz\u00fcgige Areal (1 ha) mit \u00fcppigem Baumbestand bietet seinen vierbeinigen G\u00e4sten viel Auslauf in eingez\u00e4unten Fl\u00e4chen von 800 bis 1.500 qm. <\/span><\/strong><\/p>\n<p style=\"background: #F8F8F8; vertical-align: baseline; margin: 10.2pt 0cm 10.2pt 0cm;\"><strong><span style=\"font-size: 14.0pt; font-family: 'Bahnschrift SemiBold',sans-serif; color: #666666;\">Die sch\u00f6ne Umgebung l\u00e4dt zu abwechslungsreichen Spazierg\u00e4ngen ein. <\/span><\/strong><\/p>\n<p style=\"background: #F8F8F8; vertical-align: baseline; margin: 10.2pt 0cm 10.2pt 0cm;\"><strong><span style=\"font-size: 14.0pt; font-family: 'Bahnschrift SemiBold',sans-serif; color: #666666;\">Unsere 200 qm gro\u00dfe beheizbare Halle bietet Platz f\u00fcr Spiel- und Animationsprogramme, Schulungen, Seminare und Workshops. <\/span><\/strong><\/p>\n<p style=\"background: #F8F8F8; vertical-align: baseline; margin: 10.2pt 0cm 10.2pt 0cm;\"><strong><span style=\"font-size: 14.0pt; font-family: 'Bahnschrift SemiBold',sans-serif; color: #666666;\">In unserem gem\u00fctlichen eingez\u00e4unten Biergarten k\u00f6nnen sich die G\u00e4ste verw\u00f6hnen lassen und das Treiben ihrer Lieblinge beobachten. <\/span><\/strong><\/p>\n<p style=\"background: #F8F8F8; vertical-align: baseline; margin: 10.2pt 0cm 10.2pt 0cm;\"><span style=\"font-size: 14.0pt; font-family: 'Bahnschrift SemiBold',sans-serif; color: #666666;\"><strong>Ein Ladengesch\u00e4ft bietet ein umfangreiches Angebot an hochwertigem Futter und allem, was der Hund ben\u00f6tigt.<\/strong> <\/span><\/p>\n\n\t\t<style type=\"text\/css\">\n\t\t\t#gallery-1 {\n\t\t\t\tmargin: auto;\n\t\t\t}\n\t\t\t#gallery-1 .gallery-item {\n\t\t\t\tfloat: left;\n\t\t\t\tmargin-top: 10px;\n\t\t\t\ttext-align: center;\n\t\t\t\twidth: 25%;\n\t\t\t}\n\t\t\t#gallery-1 img {\n\t\t\t\tborder: 2px solid #cfcfcf;\n\t\t\t}\n\t\t\t#gallery-1 .gallery-caption {\n\t\t\t\tmargin-left: 0;\n\t\t\t}\n\t\t\t\/* see gallery_shortcode() in wp-includes\/media.php *\/\n\t\t<\/style>\n\t\t<div id='gallery-1' class='gallery galleryid-28425 gallery-columns-4 gallery-size-large'><dl class='gallery-item'>\n\t\t\t<dt class='gallery-icon portrait'>\n\t\t\t\t<a href='https:\/\/hundezentrum-reichertshofen.de\/wp-content\/uploads\/2020\/06\/20200421_Hund2.jpg'><img loading=\"lazy\" decoding=\"async\" width=\"687\" height=\"1030\" src=\"https:\/\/hundezentrum-reichertshofen.de\/wp-content\/uploads\/2020\/06\/20200421_Hund2-687x1030.jpg\" class=\"attachment-large size-large\" alt=\"\" srcset=\"https:\/\/hundezentrum-reichertshofen.de\/wp-content\/uploads\/2020\/06\/20200421_Hund2-687x1030.jpg 687w, https:\/\/hundezentrum-reichertshofen.de\/wp-content\/uploads\/2020\/06\/20200421_Hund2-200x300.jpg 200w, https:\/\/hundezentrum-reichertshofen.de\/wp-content\/uploads\/2020\/06\/20200421_Hund2-768x1152.jpg 768w, https:\/\/hundezentrum-reichertshofen.de\/wp-content\/uploads\/2020\/06\/20200421_Hund2-1024x1536.jpg 1024w, https:\/\/hundezentrum-reichertshofen.de\/wp-content\/uploads\/2020\/06\/20200421_Hund2-1000x1500.jpg 1000w, https:\/\/hundezentrum-reichertshofen.de\/wp-content\/uploads\/2020\/06\/20200421_Hund2-470x705.jpg 470w, https:\/\/hundezentrum-reichertshofen.de\/wp-content\/uploads\/2020\/06\/20200421_Hund2-450x675.jpg 450w, https:\/\/hundezentrum-reichertshofen.de\/wp-content\/uploads\/2020\/06\/20200421_Hund2.jpg 1067w\" sizes=\"auto, (max-width: 687px) 100vw, 687px\" \/><\/a>\n\t\t\t<\/dt><\/dl><dl class='gallery-item'>\n\t\t\t<dt class='gallery-icon portrait'>\n\t\t\t\t<a href='https:\/\/hundezentrum-reichertshofen.de\/wp-content\/uploads\/2020\/06\/20200421_Hund3-scaled.jpg'><img loading=\"lazy\" decoding=\"async\" width=\"687\" height=\"1030\" src=\"https:\/\/hundezentrum-reichertshofen.de\/wp-content\/uploads\/2020\/06\/20200421_Hund3-687x1030.jpg\" class=\"attachment-large size-large\" alt=\"\" srcset=\"https:\/\/hundezentrum-reichertshofen.de\/wp-content\/uploads\/2020\/06\/20200421_Hund3-687x1030.jpg 687w, https:\/\/hundezentrum-reichertshofen.de\/wp-content\/uploads\/2020\/06\/20200421_Hund3-200x300.jpg 200w, https:\/\/hundezentrum-reichertshofen.de\/wp-content\/uploads\/2020\/06\/20200421_Hund3-768x1152.jpg 768w, https:\/\/hundezentrum-reichertshofen.de\/wp-content\/uploads\/2020\/06\/20200421_Hund3-1024x1536.jpg 1024w, https:\/\/hundezentrum-reichertshofen.de\/wp-content\/uploads\/2020\/06\/20200421_Hund3-1365x2048.jpg 1365w, https:\/\/hundezentrum-reichertshofen.de\/wp-content\/uploads\/2020\/06\/20200421_Hund3-1000x1500.jpg 1000w, https:\/\/hundezentrum-reichertshofen.de\/wp-content\/uploads\/2020\/06\/20200421_Hund3-470x705.jpg 470w, https:\/\/hundezentrum-reichertshofen.de\/wp-content\/uploads\/2020\/06\/20200421_Hund3-450x675.jpg 450w, https:\/\/hundezentrum-reichertshofen.de\/wp-content\/uploads\/2020\/06\/20200421_Hund3-scaled.jpg 1707w\" sizes=\"auto, (max-width: 687px) 100vw, 687px\" \/><\/a>\n\t\t\t<\/dt><\/dl><dl class='gallery-item'>\n\t\t\t<dt class='gallery-icon landscape'>\n\t\t\t\t<a href='https:\/\/hundezentrum-reichertshofen.de\/wp-content\/uploads\/2020\/06\/dog-2785074_1920.jpg'><img loading=\"lazy\" decoding=\"async\" width=\"1030\" height=\"686\" src=\"https:\/\/hundezentrum-reichertshofen.de\/wp-content\/uploads\/2020\/06\/dog-2785074_1920-1030x686.jpg\" class=\"attachment-large size-large\" alt=\"\" srcset=\"https:\/\/hundezentrum-reichertshofen.de\/wp-content\/uploads\/2020\/06\/dog-2785074_1920-1030x686.jpg 1030w, https:\/\/hundezentrum-reichertshofen.de\/wp-content\/uploads\/2020\/06\/dog-2785074_1920-300x200.jpg 300w, https:\/\/hundezentrum-reichertshofen.de\/wp-content\/uploads\/2020\/06\/dog-2785074_1920-768x512.jpg 768w, https:\/\/hundezentrum-reichertshofen.de\/wp-content\/uploads\/2020\/06\/dog-2785074_1920-1536x1023.jpg 1536w, https:\/\/hundezentrum-reichertshofen.de\/wp-content\/uploads\/2020\/06\/dog-2785074_1920-1500x999.jpg 1500w, https:\/\/hundezentrum-reichertshofen.de\/wp-content\/uploads\/2020\/06\/dog-2785074_1920-705x470.jpg 705w, https:\/\/hundezentrum-reichertshofen.de\/wp-content\/uploads\/2020\/06\/dog-2785074_1920-450x300.jpg 450w, https:\/\/hundezentrum-reichertshofen.de\/wp-content\/uploads\/2020\/06\/dog-2785074_1920.jpg 1920w\" sizes=\"auto, (max-width: 1030px) 100vw, 1030px\" \/><\/a>\n\t\t\t<\/dt><\/dl><dl class='gallery-item'>\n\t\t\t<dt class='gallery-icon portrait'>\n\t\t\t\t<a href='https:\/\/hundezentrum-reichertshofen.de\/wp-content\/uploads\/2020\/06\/20200421_Hund1-scaled.jpg'><img loading=\"lazy\" decoding=\"async\" width=\"687\" height=\"1030\" src=\"https:\/\/hundezentrum-reichertshofen.de\/wp-content\/uploads\/2020\/06\/20200421_Hund1-687x1030.jpg\" class=\"attachment-large size-large\" alt=\"\" srcset=\"https:\/\/hundezentrum-reichertshofen.de\/wp-content\/uploads\/2020\/06\/20200421_Hund1-687x1030.jpg 687w, https:\/\/hundezentrum-reichertshofen.de\/wp-content\/uploads\/2020\/06\/20200421_Hund1-200x300.jpg 200w, https:\/\/hundezentrum-reichertshofen.de\/wp-content\/uploads\/2020\/06\/20200421_Hund1-768x1152.jpg 768w, https:\/\/hundezentrum-reichertshofen.de\/wp-content\/uploads\/2020\/06\/20200421_Hund1-1024x1536.jpg 1024w, https:\/\/hundezentrum-reichertshofen.de\/wp-content\/uploads\/2020\/06\/20200421_Hund1-1365x2048.jpg 1365w, https:\/\/hundezentrum-reichertshofen.de\/wp-content\/uploads\/2020\/06\/20200421_Hund1-1000x1500.jpg 1000w, https:\/\/hundezentrum-reichertshofen.de\/wp-content\/uploads\/2020\/06\/20200421_Hund1-470x705.jpg 470w, https:\/\/hundezentrum-reichertshofen.de\/wp-content\/uploads\/2020\/06\/20200421_Hund1-450x675.jpg 450w, https:\/\/hundezentrum-reichertshofen.de\/wp-content\/uploads\/2020\/06\/20200421_Hund1-scaled.jpg 1707w\" sizes=\"auto, (max-width: 687px) 100vw, 687px\" \/><\/a>\n\t\t\t<\/dt><\/dl><br style=\"clear: both\" \/><dl class='gallery-item'>\n\t\t\t<dt class='gallery-icon portrait'>\n\t\t\t\t<a href='https:\/\/hundezentrum-reichertshofen.de\/wp-content\/uploads\/2020\/06\/20200421_Hund4.jpg'><img loading=\"lazy\" decoding=\"async\" width=\"686\" height=\"1030\" src=\"https:\/\/hundezentrum-reichertshofen.de\/wp-content\/uploads\/2020\/06\/20200421_Hund4-686x1030.jpg\" class=\"attachment-large size-large\" alt=\"\" srcset=\"https:\/\/hundezentrum-reichertshofen.de\/wp-content\/uploads\/2020\/06\/20200421_Hund4-686x1030.jpg 686w, https:\/\/hundezentrum-reichertshofen.de\/wp-content\/uploads\/2020\/06\/20200421_Hund4-200x300.jpg 200w, https:\/\/hundezentrum-reichertshofen.de\/wp-content\/uploads\/2020\/06\/20200421_Hund4-470x705.jpg 470w, https:\/\/hundezentrum-reichertshofen.de\/wp-content\/uploads\/2020\/06\/20200421_Hund4-450x675.jpg 450w, https:\/\/hundezentrum-reichertshofen.de\/wp-content\/uploads\/2020\/06\/20200421_Hund4.jpg 751w\" sizes=\"auto, (max-width: 686px) 100vw, 686px\" \/><\/a>\n\t\t\t<\/dt><\/dl><dl class='gallery-item'>\n\t\t\t<dt class='gallery-icon landscape'>\n\t\t\t\t<a href='https:\/\/hundezentrum-reichertshofen.de\/wp-content\/uploads\/2020\/06\/english-bulldog-562723_1920.jpg'><img loading=\"lazy\" decoding=\"async\" width=\"1030\" height=\"691\" src=\"https:\/\/hundezentrum-reichertshofen.de\/wp-content\/uploads\/2020\/06\/english-bulldog-562723_1920-1030x691.jpg\" class=\"attachment-large size-large\" alt=\"\" srcset=\"https:\/\/hundezentrum-reichertshofen.de\/wp-content\/uploads\/2020\/06\/english-bulldog-562723_1920-1030x691.jpg 1030w, https:\/\/hundezentrum-reichertshofen.de\/wp-content\/uploads\/2020\/06\/english-bulldog-562723_1920-300x201.jpg 300w, https:\/\/hundezentrum-reichertshofen.de\/wp-content\/uploads\/2020\/06\/english-bulldog-562723_1920-768x516.jpg 768w, https:\/\/hundezentrum-reichertshofen.de\/wp-content\/uploads\/2020\/06\/english-bulldog-562723_1920-1536x1031.jpg 1536w, https:\/\/hundezentrum-reichertshofen.de\/wp-content\/uploads\/2020\/06\/english-bulldog-562723_1920-1500x1007.jpg 1500w, https:\/\/hundezentrum-reichertshofen.de\/wp-content\/uploads\/2020\/06\/english-bulldog-562723_1920-705x473.jpg 705w, https:\/\/hundezentrum-reichertshofen.de\/wp-content\/uploads\/2020\/06\/english-bulldog-562723_1920-450x302.jpg 450w, https:\/\/hundezentrum-reichertshofen.de\/wp-content\/uploads\/2020\/06\/english-bulldog-562723_1920.jpg 1920w\" sizes=\"auto, (max-width: 1030px) 100vw, 1030px\" \/><\/a>\n\t\t\t<\/dt><\/dl>\n\t\t\t<br style='clear: both' \/>\n\t\t<\/div>\n\n","protected":false},"excerpt":{"rendered":"<p>\u00dcber uns &#8211; Unser Hundezentrum Hallo zusammen, mein Name ist Felix Klapperich. Mit meiner kleinen Familie und unserem Hund Dante lebe ich auf unserem Hof in Reichertshofen, Stockau 12 und leite das Hundezentrum. Unterst\u00fctzt werden wir durch unsere langj\u00e4hrige Mitarbeiterin. Ich bin in der sch\u00f6nen Holledau in einer tierlieben Gro\u00dffamilie mit unseren Familienhunden aufgewachsen. Wir [&hellip;]<\/p>\n","protected":false},"author":1,"featured_media":0,"parent":0,"menu_order":0,"comment_status":"closed","ping_status":"closed","template":"","meta":{"footnotes":""},"class_list":["post-28425","page","type-page","status-publish","hentry"],"yoast_head":"<!-- This site is optimized with the Yoast SEO Premium plugin v15.0 - https:\/\/yoast.com\/wordpress\/plugins\/seo\/ -->\n<title>\u00dcber uns | Hundezentrum Reichertshofen<\/title>\n<meta name=\"robots\" content=\"index, follow, max-snippet:-1, max-image-preview:large, max-video-preview:-1\" \/>\n<link rel=\"canonical\" href=\"https:\/\/hundezentrum-reichertshofen.de\/?page_id=28425\" \/>\n<meta property=\"og:locale\" content=\"de_DE\" \/>\n<meta property=\"og:type\" content=\"article\" \/>\n<meta property=\"og:title\" content=\"\u00dcber uns | Hundezentrum Reichertshofen\" \/>\n<meta property=\"og:description\" content=\"\u00dcber uns &#8211; Unser Hundezentrum Hallo zusammen, mein Name ist Felix Klapperich. Mit meiner kleinen Familie und unserem Hund Dante lebe ich auf unserem Hof in Reichertshofen, Stockau 12 und leite das Hundezentrum. Unterst\u00fctzt werden wir durch unsere langj\u00e4hrige Mitarbeiterin. Ich bin in der sch\u00f6nen Holledau in einer tierlieben Gro\u00dffamilie mit unseren Familienhunden aufgewachsen. Wir [&hellip;]\" \/>\n<meta property=\"og:url\" content=\"https:\/\/hundezentrum-reichertshofen.de\/?page_id=28425\" \/>\n<meta property=\"og:site_name\" content=\"Hundezentrum Reichertshofen\" \/>\n<meta property=\"article:publisher\" content=\"https:\/\/www.facebook.com\/Hundezentrum.Reichertshofen\/\" \/>\n<meta property=\"article:modified_time\" content=\"2024-04-03T17:05:20+00:00\" \/>\n<meta property=\"og:image\" content=\"https:\/\/hundezentrum-reichertshofen.de\/wp-content\/uploads\/2020\/06\/20200421_Hund2-687x1030.jpg\" \/>\n<meta property=\"fb:app_id\" content=\"1621591891461663\" \/>\n<meta name=\"twitter:card\" content=\"summary\" \/>\n<script type=\"application\/ld+json\" class=\"yoast-schema-graph\">{\"@context\":\"https:\/\/schema.org\",\"@graph\":[{\"@type\":\"WebSite\",\"@id\":\"https:\/\/hundezentrum-reichertshofen.de\/#website\",\"url\":\"https:\/\/hundezentrum-reichertshofen.de\/\",\"name\":\"Hundezentrum Reichertshofen\",\"description\":\"Meine Hundeschule - Mein Hundehotel - Ladengesch\\u00e4ft und Online-Shop\",\"potentialAction\":[{\"@type\":\"SearchAction\",\"target\":\"https:\/\/hundezentrum-reichertshofen.de\/?s={search_term_string}\",\"query-input\":\"required name=search_term_string\"}],\"inLanguage\":\"de\"},{\"@type\":\"WebPage\",\"@id\":\"https:\/\/hundezentrum-reichertshofen.de\/?page_id=28425#webpage\",\"url\":\"https:\/\/hundezentrum-reichertshofen.de\/?page_id=28425\",\"name\":\"\\u00dcber uns | Hundezentrum Reichertshofen\",\"isPartOf\":{\"@id\":\"https:\/\/hundezentrum-reichertshofen.de\/#website\"},\"datePublished\":\"2020-06-30T18:44:21+00:00\",\"dateModified\":\"2024-04-03T17:05:20+00:00\",\"inLanguage\":\"de\",\"potentialAction\":[{\"@type\":\"ReadAction\",\"target\":[\"https:\/\/hundezentrum-reichertshofen.de\/?page_id=28425\"]}]}]}<\/script>\n<!-- \/ Yoast SEO Premium plugin. -->","_links":{"self":[{"href":"https:\/\/hundezentrum-reichertshofen.de\/index.php?rest_route=\/wp\/v2\/pages\/28425","targetHints":{"allow":["GET"]}}],"collection":[{"href":"https:\/\/hundezentrum-reichertshofen.de\/index.php?rest_route=\/wp\/v2\/pages"}],"about":[{"href":"https:\/\/hundezentrum-reichertshofen.de\/index.php?rest_route=\/wp\/v2\/types\/page"}],"author":[{"embeddable":true,"href":"https:\/\/hundezentrum-reichertshofen.de\/index.php?rest_route=\/wp\/v2\/users\/1"}],"replies":[{"embeddable":true,"href":"https:\/\/hundezentrum-reichertshofen.de\/index.php?rest_route=%2Fwp%2Fv2%2Fcomments&post=28425"}],"version-history":[{"count":14,"href":"https:\/\/hundezentrum-reichertshofen.de\/index.php?rest_route=\/wp\/v2\/pages\/28425\/revisions"}],"predecessor-version":[{"id":28853,"href":"https:\/\/hundezentrum-reichertshofen.de\/index.php?rest_route=\/wp\/v2\/pages\/28425\/revisions\/28853"}],"wp:attachment":[{"href":"https:\/\/hundezentrum-reichertshofen.de\/index.php?rest_route=%2Fwp%2Fv2%2Fmedia&parent=28425"}],"curies":[{"name":"wp","href":"https:\/\/api.w.org\/{rel}","templated":true}]}}