{"id":28386,"date":"2020-06-30T19:23:15","date_gmt":"2020-06-30T17:23:15","guid":{"rendered":"https:\/\/hundezentrum-reichertshofen.de\/?page_id=28386"},"modified":"2025-11-06T12:02:13","modified_gmt":"2025-11-06T11:02:13","slug":"startseite","status":"publish","type":"page","link":"https:\/\/hundezentrum-reichertshofen.de\/","title":{"rendered":"Startseite"},"content":{"rendered":"<div class='aviaccordion aviaccordion-title-inactive ' style='max-height:430px' data-av-maxheight='430' data-autoplay='true' data-interval='5'   itemscope=\"itemscope\" itemtype=\"https:\/\/schema.org\/Blog\" ><ul class='aviaccordion-inner'><li class='aviaccordion-slide aviaccordion-slide-1' style='left:0%' data-av-left='0'  itemscope=\"itemscope\" itemtype=\"https:\/\/schema.org\/CreativeWork\" ><a class='aviaccordion-slide-link noHover' href='' ><div class='aviaccordion-preview  av-accordion-text-center' style='width:20.1%'><\/div><img loading=\"lazy\" decoding=\"async\" width=\"1024\" height=\"430\" src=\"https:\/\/hundezentrum-reichertshofen.de\/wp-content\/uploads\/2021\/11\/IMG-20211003-WA0019-1-1024x430.jpg\" class=\"aviaccordion-image\" alt=\"\" \/><\/a><\/li><li class='aviaccordion-slide aviaccordion-slide-2' style='left:20%' data-av-left='20'  itemscope=\"itemscope\" itemtype=\"https:\/\/schema.org\/CreativeWork\" ><a class='aviaccordion-slide-link noHover' href='https:\/\/hundezentrum-reichertshofen.de\/wp-content\/uploads\/2021\/11\/IMG-20200304-WA0046-1-773x1030.jpg' ><div class='aviaccordion-preview  av-accordion-text-center' style='width:20.1%'><\/div><img loading=\"lazy\" decoding=\"async\" width=\"1200\" height=\"430\" src=\"https:\/\/hundezentrum-reichertshofen.de\/wp-content\/uploads\/2021\/11\/IMG-20200304-WA0046-1-1200x430.jpg\" class=\"aviaccordion-image\" alt=\"\" \/><\/a><\/li><li class='aviaccordion-slide aviaccordion-slide-3' style='left:40%' data-av-left='40'  itemscope=\"itemscope\" itemtype=\"https:\/\/schema.org\/CreativeWork\" ><a class='aviaccordion-slide-link noHover' href='' ><div class='aviaccordion-preview  av-accordion-text-center' style='width:20.1%'><\/div><img loading=\"lazy\" decoding=\"async\" width=\"711\" height=\"430\" src=\"https:\/\/hundezentrum-reichertshofen.de\/wp-content\/uploads\/2021\/11\/IMG-20200304-WA0009-2-711x430.jpg\" class=\"aviaccordion-image\" alt=\"\" \/><\/a><\/li><li class='aviaccordion-slide aviaccordion-slide-4' style='left:60%' data-av-left='60'  itemscope=\"itemscope\" itemtype=\"https:\/\/schema.org\/CreativeWork\" ><a class='aviaccordion-slide-link noHover' href='' ><div class='aviaccordion-preview  av-accordion-text-center' style='width:20.1%'><\/div><img loading=\"lazy\" decoding=\"async\" width=\"711\" height=\"430\" src=\"https:\/\/hundezentrum-reichertshofen.de\/wp-content\/uploads\/2021\/11\/IMG-20200304-WA0011-711x430.jpg\" class=\"aviaccordion-image\" alt=\"\" \/><\/a><\/li><li class='aviaccordion-slide aviaccordion-slide-5' style='left:80%' data-av-left='80'  itemscope=\"itemscope\" itemtype=\"https:\/\/schema.org\/CreativeWork\" ><a class='aviaccordion-slide-link noHover' href='https:\/\/hundezentrum-reichertshofen.de\/wp-content\/uploads\/2021\/11\/IMG-20200304-WA0013.jpg' ><div class='aviaccordion-preview  av-accordion-text-center' style='width:20.1%'><\/div><img loading=\"lazy\" decoding=\"async\" width=\"704\" height=\"430\" src=\"https:\/\/hundezentrum-reichertshofen.de\/wp-content\/uploads\/2021\/11\/IMG-20200304-WA0013-704x430.jpg\" class=\"aviaccordion-image\" alt=\"\" \/><\/a><\/li><\/ul><div class='aviaccordion-spacer' style='padding-bottom:28.666666666667%'><\/div><\/div>\n<div class=\"flex_column av_one_full  flex_column_div av-zero-column-padding first  \" style='border-radius:0px; '><section class=\"av_textblock_section \"  itemscope=\"itemscope\" itemtype=\"https:\/\/schema.org\/CreativeWork\" ><div class='avia_textblock  '   itemprop=\"text\" ><h2>Hundebetreuung<\/h2>\n<p><strong>Das bekommen sie bei uns:<\/strong><\/p>\n<ul>\n<li><strong>Hundetagesst\u00e4tte<\/strong> tags\u00fcber f\u00fcr regelm\u00e4\u00dfige und zuverl\u00e4ssige <strong>Betreuung w\u00e4hrend der Arbeitszeit oder wenn Sie etwas zu erledigen haben<\/strong><\/li>\n<li value=\"0\"><strong>Urlaubsbetreuung<\/strong><\/li>\n<li value=\"0\"><strong>Sozialverhalten<\/strong>: Dosierte Gew\u00f6hnung des Hundes an Artgenossen und Schulung seines Umgangs untereinander<\/li>\n<\/ul>\n<p>Wir sind f\u00fcr Sie da \u2013 zuverl\u00e4ssig, an sieben Tagen in der Woche!<\/p>\n<\/div><\/section><\/div>\n<div class=\"flex_column av_one_half  flex_column_div av-zero-column-padding first  \" style='border-radius:0px; '><section class=\"av_textblock_section \"  itemscope=\"itemscope\" itemtype=\"https:\/\/schema.org\/CreativeWork\" ><div class='avia_textblock  '   itemprop=\"text\" ><h3>Unsere \u00d6ffnungszeiten:<\/h3>\n<p><strong>Montag bis Freitag:<\/strong><br \/>\n7.00 \u2013 10.00 Uhr<br \/>\n16.30 \u2013 19.00 Uhr<br \/>\n<strong>Samstag:<\/strong><br \/>\n8.00 \u2013 9.00 Uhr<br \/>\n17.00 \u2013 19.00 Uhr<\/p>\n<p><a href=\"https:\/\/hundezentrum-reichertshofen.de\/wp-content\/uploads\/2022\/08\/Flyer-Hundezentrum-01.pdf\">Flyer Hundezentrum<\/a><\/p>\n<\/div><\/section><\/div>\n<div class='avia-gallery  avia-gallery-1 avia_lazyload avia-gallery-animate avia_animate_when_visible '  itemprop=\"ImageObject\" itemscope=\"itemscope\" itemtype=\"https:\/\/schema.org\/ImageObject\" ><div class='avia-gallery-thumb'> <a href='https:\/\/hundezentrum-reichertshofen.de\/wp-content\/uploads\/2021\/11\/IMG-20211003-WA0018-1.jpg' data-rel='gallery-1' data-prev-img='https:\/\/hundezentrum-reichertshofen.de\/wp-content\/uploads\/2021\/11\/IMG-20211003-WA0018-1-495x400.jpg' class='first_thumb lightbox ' data-onclick='1' title=''  itemprop=\"thumbnailUrl\" ><img  src='https:\/\/hundezentrum-reichertshofen.de\/wp-content\/uploads\/2021\/11\/IMG-20211003-WA0018-1-495x400.jpg' width='495' height='400'  title='IMG-20211003-WA0018' alt='' \/><\/a> <a href='https:\/\/hundezentrum-reichertshofen.de\/wp-content\/uploads\/2021\/11\/IMG-20200724-WA0016-1-464x1030.jpg' data-rel='gallery-1' data-prev-img='https:\/\/hundezentrum-reichertshofen.de\/wp-content\/uploads\/2021\/11\/IMG-20200724-WA0016-1-495x400.jpg' class='lightbox ' data-onclick='2' title=''  itemprop=\"thumbnailUrl\" ><img  src='https:\/\/hundezentrum-reichertshofen.de\/wp-content\/uploads\/2021\/11\/IMG-20200724-WA0016-1-495x400.jpg' width='495' height='400'  title='IMG-20200724-WA0016' alt='' \/><\/a> <a href='https:\/\/hundezentrum-reichertshofen.de\/wp-content\/uploads\/2021\/11\/IMG-20201117-WA0004-1-773x1030.jpg' data-rel='gallery-1' data-prev-img='https:\/\/hundezentrum-reichertshofen.de\/wp-content\/uploads\/2021\/11\/IMG-20201117-WA0004-1-495x400.jpg' class='lightbox ' data-onclick='3' title=''  itemprop=\"thumbnailUrl\" ><img  src='https:\/\/hundezentrum-reichertshofen.de\/wp-content\/uploads\/2021\/11\/IMG-20201117-WA0004-1-495x400.jpg' width='495' height='400'  title='IMG-20201117-WA0004' alt='' \/><\/a> <a href='https:\/\/hundezentrum-reichertshofen.de\/wp-content\/uploads\/2021\/11\/IMG-20200402-WA0018-1-1030x464.jpg' data-rel='gallery-1' data-prev-img='https:\/\/hundezentrum-reichertshofen.de\/wp-content\/uploads\/2021\/11\/IMG-20200402-WA0018-1-495x400.jpg' class='lightbox ' data-onclick='4' title=''  itemprop=\"thumbnailUrl\" ><img  src='https:\/\/hundezentrum-reichertshofen.de\/wp-content\/uploads\/2021\/11\/IMG-20200402-WA0018-1-495x400.jpg' width='495' height='400'  title='IMG-20200402-WA0018' alt='' \/><\/a> <a href='https:\/\/hundezentrum-reichertshofen.de\/wp-content\/uploads\/2021\/11\/IMG-20200304-WA0052-1.jpg' data-rel='gallery-1' data-prev-img='https:\/\/hundezentrum-reichertshofen.de\/wp-content\/uploads\/2021\/11\/IMG-20200304-WA0052-1-495x400.jpg' class='lightbox ' data-onclick='5' title=''  itemprop=\"thumbnailUrl\" ><img  src='https:\/\/hundezentrum-reichertshofen.de\/wp-content\/uploads\/2021\/11\/IMG-20200304-WA0052-1-495x400.jpg' width='495' height='400'  title='IMG-20200304-WA0052' alt='' \/><\/a> <a href='https:\/\/hundezentrum-reichertshofen.de\/wp-content\/uploads\/2021\/11\/IMG-20211102-WA0001-1-1030x773.jpg' data-rel='gallery-1' data-prev-img='https:\/\/hundezentrum-reichertshofen.de\/wp-content\/uploads\/2021\/11\/IMG-20211102-WA0001-1-495x400.jpg' class='first_thumb lightbox ' data-onclick='6' title=''  itemprop=\"thumbnailUrl\" ><img  src='https:\/\/hundezentrum-reichertshofen.de\/wp-content\/uploads\/2021\/11\/IMG-20211102-WA0001-1-495x400.jpg' width='495' height='400'  title='IMG-20211102-WA0001' alt='' \/><\/a> <a href='https:\/\/hundezentrum-reichertshofen.de\/wp-content\/uploads\/2021\/11\/IMG-20211026-WA0001.jpg' data-rel='gallery-1' data-prev-img='https:\/\/hundezentrum-reichertshofen.de\/wp-content\/uploads\/2021\/11\/IMG-20211026-WA0001-495x400.jpg' class='lightbox ' data-onclick='7' title=''  itemprop=\"thumbnailUrl\" ><img  src='https:\/\/hundezentrum-reichertshofen.de\/wp-content\/uploads\/2021\/11\/IMG-20211026-WA0001-495x400.jpg' width='495' height='400'  title='IMG-20211026-WA0001' alt='' \/><\/a> <a href='https:\/\/hundezentrum-reichertshofen.de\/wp-content\/uploads\/2021\/11\/IMG-20200304-WA0014-1.jpg' data-rel='gallery-1' data-prev-img='https:\/\/hundezentrum-reichertshofen.de\/wp-content\/uploads\/2021\/11\/IMG-20200304-WA0014-1-495x400.jpg' class='lightbox ' data-onclick='8' title=''  itemprop=\"thumbnailUrl\" ><img  src='https:\/\/hundezentrum-reichertshofen.de\/wp-content\/uploads\/2021\/11\/IMG-20200304-WA0014-1-495x400.jpg' width='495' height='400'  title='IMG-20200304-WA0014' alt='' \/><\/a> <a href='https:\/\/hundezentrum-reichertshofen.de\/wp-content\/uploads\/2021\/11\/IMG-20200304-WA0029-773x1030.jpg' data-rel='gallery-1' data-prev-img='https:\/\/hundezentrum-reichertshofen.de\/wp-content\/uploads\/2021\/11\/IMG-20200304-WA0029-495x400.jpg' class='lightbox ' data-onclick='9' title=''  itemprop=\"thumbnailUrl\" ><img  src='https:\/\/hundezentrum-reichertshofen.de\/wp-content\/uploads\/2021\/11\/IMG-20200304-WA0029-495x400.jpg' width='495' height='400'  title='IMG-20200304-WA0029' alt='' \/><\/a> <a href='https:\/\/hundezentrum-reichertshofen.de\/wp-content\/uploads\/2021\/11\/IMG-20200304-WA0010.jpg' data-rel='gallery-1' data-prev-img='https:\/\/hundezentrum-reichertshofen.de\/wp-content\/uploads\/2021\/11\/IMG-20200304-WA0010-495x400.jpg' class='lightbox ' data-onclick='10' title=''  itemprop=\"thumbnailUrl\" ><img  src='https:\/\/hundezentrum-reichertshofen.de\/wp-content\/uploads\/2021\/11\/IMG-20200304-WA0010-495x400.jpg' width='495' height='400'  title='IMG-20200304-WA0010' alt='' \/><\/a><\/div><\/div>\n","protected":false},"excerpt":{"rendered":"","protected":false},"author":1,"featured_media":0,"parent":0,"menu_order":0,"comment_status":"closed","ping_status":"closed","template":"","meta":{"footnotes":""},"class_list":["post-28386","page","type-page","status-publish","hentry"],"yoast_head":"<!-- This site is optimized with the Yoast SEO Premium plugin v15.0 - https:\/\/yoast.com\/wordpress\/plugins\/seo\/ -->\n<title>Hundezentrum Reichertshofen - Herzlich willkommen!<\/title>\n<meta name=\"robots\" content=\"index, follow, max-snippet:-1, max-image-preview:large, max-video-preview:-1\" \/>\n<link rel=\"canonical\" href=\"https:\/\/hundezentrum-reichertshofen.de\/\" \/>\n<meta property=\"og:locale\" content=\"de_DE\" \/>\n<meta property=\"og:type\" content=\"article\" \/>\n<meta property=\"og:title\" content=\"Hundezentrum Reichertshofen - Herzlich willkommen!\" \/>\n<meta property=\"og:url\" content=\"https:\/\/hundezentrum-reichertshofen.de\/\" \/>\n<meta property=\"og:site_name\" content=\"Hundezentrum Reichertshofen\" \/>\n<meta property=\"article:publisher\" content=\"https:\/\/www.facebook.com\/Hundezentrum.Reichertshofen\/\" \/>\n<meta property=\"article:modified_time\" content=\"2025-11-06T11:02:13+00:00\" \/>\n<meta property=\"fb:app_id\" content=\"1621591891461663\" \/>\n<meta name=\"twitter:card\" content=\"summary\" \/>\n<script type=\"application\/ld+json\" class=\"yoast-schema-graph\">{\"@context\":\"https:\/\/schema.org\",\"@graph\":[{\"@type\":\"WebSite\",\"@id\":\"https:\/\/hundezentrum-reichertshofen.de\/#website\",\"url\":\"https:\/\/hundezentrum-reichertshofen.de\/\",\"name\":\"Hundezentrum Reichertshofen\",\"description\":\"Meine Hundeschule - Mein Hundehotel - Ladengesch\\u00e4ft und Online-Shop\",\"potentialAction\":[{\"@type\":\"SearchAction\",\"target\":\"https:\/\/hundezentrum-reichertshofen.de\/?s={search_term_string}\",\"query-input\":\"required name=search_term_string\"}],\"inLanguage\":\"de\"},{\"@type\":\"WebPage\",\"@id\":\"https:\/\/hundezentrum-reichertshofen.de\/#webpage\",\"url\":\"https:\/\/hundezentrum-reichertshofen.de\/\",\"name\":\"Hundezentrum Reichertshofen - Herzlich willkommen!\",\"isPartOf\":{\"@id\":\"https:\/\/hundezentrum-reichertshofen.de\/#website\"},\"datePublished\":\"2020-06-30T17:23:15+00:00\",\"dateModified\":\"2025-11-06T11:02:13+00:00\",\"inLanguage\":\"de\",\"potentialAction\":[{\"@type\":\"ReadAction\",\"target\":[\"https:\/\/hundezentrum-reichertshofen.de\/\"]}]}]}<\/script>\n<!-- \/ Yoast SEO Premium plugin. -->","_links":{"self":[{"href":"https:\/\/hundezentrum-reichertshofen.de\/index.php?rest_route=\/wp\/v2\/pages\/28386","targetHints":{"allow":["GET"]}}],"collection":[{"href":"https:\/\/hundezentrum-reichertshofen.de\/index.php?rest_route=\/wp\/v2\/pages"}],"about":[{"href":"https:\/\/hundezentrum-reichertshofen.de\/index.php?rest_route=\/wp\/v2\/types\/page"}],"author":[{"embeddable":true,"href":"https:\/\/hundezentrum-reichertshofen.de\/index.php?rest_route=\/wp\/v2\/users\/1"}],"replies":[{"embeddable":true,"href":"https:\/\/hundezentrum-reichertshofen.de\/index.php?rest_route=%2Fwp%2Fv2%2Fcomments&post=28386"}],"version-history":[{"count":44,"href":"https:\/\/hundezentrum-reichertshofen.de\/index.php?rest_route=\/wp\/v2\/pages\/28386\/revisions"}],"predecessor-version":[{"id":28889,"href":"https:\/\/hundezentrum-reichertshofen.de\/index.php?rest_route=\/wp\/v2\/pages\/28386\/revisions\/28889"}],"wp:attachment":[{"href":"https:\/\/hundezentrum-reichertshofen.de\/index.php?rest_route=%2Fwp%2Fv2%2Fmedia&parent=28386"}],"curies":[{"name":"wp","href":"https:\/\/api.w.org\/{rel}","templated":true}]}}