{"id":19,"date":"2015-08-21T18:08:19","date_gmt":"2015-08-21T16:08:19","guid":{"rendered":"http:\/\/meinhundehotel.de\/?page_id=19"},"modified":"2024-07-29T11:08:30","modified_gmt":"2024-07-29T09:08:30","slug":"betreuungspreise","status":"publish","type":"page","link":"https:\/\/hundezentrum-reichertshofen.de\/?page_id=19","title":{"rendered":"Betreuungspreise"},"content":{"rendered":"<h1>Betreuungspreise<\/h1>\n<h3>Qualit\u00e4t ist ihren Preis wert.<\/h3>\n<p>Wir m\u00f6chten, dass sich Ihr Hund bei uns so richtig wohl f\u00fchlt: Wir betreuen ihn liebevoll, mit viel Sachverstand und mit famili\u00e4ren Anschluss in einer au\u00dfergew\u00f6hnlichen Umgebung.<\/p>\n<p>Zimmer statt Zwinger &#8211; f\u00fcr uns selbstverst\u00e4ndlich. Da der Hund ein Rudeltier ist, praktizieren wir Gruppenhaltung &#8211; dadurch haben unsere G\u00e4ste viel Spa\u00df, Ablenkung und Auslastung. Um uns individuell mit den Hunden besch\u00e4ftigen zu k\u00f6nnen, nehmen wir nur eine begrenzte Anzahl an Vierbeinern auf.<\/p>\n<p>Durch die gro\u00dfe Anzahl an Stammg\u00e4sten in der Hundetagesst\u00e4tte haben wir kaum noch Pl\u00e4tze f\u00fcr Urlaubsg\u00e4ste frei. <strong>Bitte reservieren Sie daher rechtzeitig, insbesondere f\u00fcr einen Aufenthalt w\u00e4hrend der Ferienzeit.<\/strong><\/p>\n<h3>Unsere Preise:<\/h3>\n<p>Preisliste<\/p>\n<p><a href=\"https:\/\/hundezentrum-reichertshofen.de\/wp-content\/uploads\/2024\/07\/Preisliste-ab-01.08.2024-1.pdf\">Preisliste ab 01.08.2024<\/a><\/p>\n<p>Bitte beachten Sie: Monatspauschalen haben eine Mindest-Laufzeit von mindestens drei Monaten und sind auch w\u00e4hrend der Betriebsferien der Hundepension zu zahlen. K\u00fcndigungsfrist: Vier Wochen zum Monatsersten.<\/p>\n<p>F\u00fcr HuTa-G\u00e4ste mit Monatspauschale ist montags bis freitags<strong> immer ein Platz reserviert<\/strong>, auch in den Schulferienwochen, wenn die Pension \u00fcblicherweise ausgebucht ist und es vorkommen kann, dass wir andere Anfragen mangels freien Pl\u00e4tzen ablehnen m\u00fcssen.<\/p>\n<p>\u00dcblicherweise senden wir Ihnen mit der Buchungsbest\u00e4tigung auch die\u00a0Rechnung f\u00fcr eine\u00a0Anzahlung, mit deren Begleichung die Buchung verbindlich wird. Um nach dem Ferienaufenthalt Zwei- und Vierbeiner bei der Abholung des Hundes \u00a0m\u00f6glichst rasch wieder zusammenf\u00fchren zu k\u00f6nnen, bitten wir Sie darum, <strong>den Restbetrag der Betreuungskosten schon bei der Abgabe des Hundes zu begleichen<\/strong>.<\/p>\n<p>\u00dcbrigens: Sie k\u00f6nnen bei uns bar sowie mit EC-Karte zahlen.<\/p>\n","protected":false},"excerpt":{"rendered":"<p>Betreuungspreise Qualit\u00e4t ist ihren Preis wert. Wir m\u00f6chten, dass sich Ihr Hund bei uns so richtig wohl f\u00fchlt: Wir betreuen ihn liebevoll, mit viel Sachverstand und mit famili\u00e4ren Anschluss in einer au\u00dfergew\u00f6hnlichen Umgebung. Zimmer statt Zwinger &#8211; f\u00fcr uns selbstverst\u00e4ndlich. Da der Hund ein Rudeltier ist, praktizieren wir Gruppenhaltung &#8211; dadurch haben unsere G\u00e4ste viel [&hellip;]<\/p>\n","protected":false},"author":1,"featured_media":0,"parent":22,"menu_order":10,"comment_status":"closed","ping_status":"closed","template":"","meta":{"footnotes":""},"class_list":["post-19","page","type-page","status-publish","hentry"],"yoast_head":"<!-- This site is optimized with the Yoast SEO Premium plugin v15.0 - https:\/\/yoast.com\/wordpress\/plugins\/seo\/ -->\n<title>Betreuungspreise | Hundezentrum Reichertshofen<\/title>\n<meta name=\"description\" content=\"Betreuungspreise f\u00fcr das Hundezentrum Reichertshofen bei Ingolstadt\" \/>\n<meta name=\"robots\" content=\"index, follow, max-snippet:-1, max-image-preview:large, max-video-preview:-1\" \/>\n<link rel=\"canonical\" href=\"https:\/\/hundezentrum-reichertshofen.de\/?page_id=19\" \/>\n<meta property=\"og:locale\" content=\"de_DE\" \/>\n<meta property=\"og:type\" content=\"article\" \/>\n<meta property=\"og:title\" content=\"Betreuungspreise | Hundezentrum Reichertshofen\" \/>\n<meta property=\"og:description\" content=\"Betreuungspreise f\u00fcr das Hundezentrum Reichertshofen bei Ingolstadt\" \/>\n<meta property=\"og:url\" content=\"https:\/\/hundezentrum-reichertshofen.de\/?page_id=19\" \/>\n<meta property=\"og:site_name\" content=\"Hundezentrum Reichertshofen\" \/>\n<meta property=\"article:publisher\" content=\"https:\/\/www.facebook.com\/Hundezentrum.Reichertshofen\/\" \/>\n<meta property=\"article:modified_time\" content=\"2024-07-29T09:08:30+00:00\" \/>\n<meta property=\"fb:app_id\" content=\"1621591891461663\" \/>\n<meta name=\"twitter:card\" content=\"summary\" \/>\n<script type=\"application\/ld+json\" class=\"yoast-schema-graph\">{\"@context\":\"https:\/\/schema.org\",\"@graph\":[{\"@type\":\"WebSite\",\"@id\":\"https:\/\/hundezentrum-reichertshofen.de\/#website\",\"url\":\"https:\/\/hundezentrum-reichertshofen.de\/\",\"name\":\"Hundezentrum Reichertshofen\",\"description\":\"Meine Hundeschule - Mein Hundehotel - Ladengesch\\u00e4ft und Online-Shop\",\"potentialAction\":[{\"@type\":\"SearchAction\",\"target\":\"https:\/\/hundezentrum-reichertshofen.de\/?s={search_term_string}\",\"query-input\":\"required name=search_term_string\"}],\"inLanguage\":\"de\"},{\"@type\":\"WebPage\",\"@id\":\"https:\/\/hundezentrum-reichertshofen.de\/?page_id=19#webpage\",\"url\":\"https:\/\/hundezentrum-reichertshofen.de\/?page_id=19\",\"name\":\"Betreuungspreise | Hundezentrum Reichertshofen\",\"isPartOf\":{\"@id\":\"https:\/\/hundezentrum-reichertshofen.de\/#website\"},\"datePublished\":\"2015-08-21T16:08:19+00:00\",\"dateModified\":\"2024-07-29T09:08:30+00:00\",\"description\":\"Betreuungspreise f\\u00fcr das Hundezentrum Reichertshofen bei Ingolstadt\",\"inLanguage\":\"de\",\"potentialAction\":[{\"@type\":\"ReadAction\",\"target\":[\"https:\/\/hundezentrum-reichertshofen.de\/?page_id=19\"]}]}]}<\/script>\n<!-- \/ Yoast SEO Premium plugin. -->","_links":{"self":[{"href":"https:\/\/hundezentrum-reichertshofen.de\/index.php?rest_route=\/wp\/v2\/pages\/19","targetHints":{"allow":["GET"]}}],"collection":[{"href":"https:\/\/hundezentrum-reichertshofen.de\/index.php?rest_route=\/wp\/v2\/pages"}],"about":[{"href":"https:\/\/hundezentrum-reichertshofen.de\/index.php?rest_route=\/wp\/v2\/types\/page"}],"author":[{"embeddable":true,"href":"https:\/\/hundezentrum-reichertshofen.de\/index.php?rest_route=\/wp\/v2\/users\/1"}],"replies":[{"embeddable":true,"href":"https:\/\/hundezentrum-reichertshofen.de\/index.php?rest_route=%2Fwp%2Fv2%2Fcomments&post=19"}],"version-history":[{"count":18,"href":"https:\/\/hundezentrum-reichertshofen.de\/index.php?rest_route=\/wp\/v2\/pages\/19\/revisions"}],"predecessor-version":[{"id":28842,"href":"https:\/\/hundezentrum-reichertshofen.de\/index.php?rest_route=\/wp\/v2\/pages\/19\/revisions\/28842"}],"up":[{"embeddable":true,"href":"https:\/\/hundezentrum-reichertshofen.de\/index.php?rest_route=\/wp\/v2\/pages\/22"}],"wp:attachment":[{"href":"https:\/\/hundezentrum-reichertshofen.de\/index.php?rest_route=%2Fwp%2Fv2%2Fmedia&parent=19"}],"curies":[{"name":"wp","href":"https:\/\/api.w.org\/{rel}","templated":true}]}}