{"id":17,"date":"2015-08-21T16:43:46","date_gmt":"2015-08-21T14:43:46","guid":{"rendered":"http:\/\/meinhundehotel.de\/?page_id=17"},"modified":"2021-11-14T07:58:26","modified_gmt":"2021-11-14T06:58:26","slug":"die-hundezimmer","status":"publish","type":"page","link":"https:\/\/hundezentrum-reichertshofen.de\/?page_id=17","title":{"rendered":"Die Hundezimmer"},"content":{"rendered":"<h1>Die Hundezimmer<\/h1>\n<h3>Maximales Wohlf\u00fchlen<\/h3>\n<p><span style=\"color: #000000;\">Ein Hundehotel kann das Zuhause f\u00fcr einen Hund nicht ersetzen. Aber wir machen den Aufenthalt f\u00fcr unsere G\u00e4ste so angenehm wie m\u00f6glich. Zum Beispiel durch Familienanschluss, mit unseren liebevoll gestalteten Zimmern und unser einzigartiges Wohlf\u00fchlklima.<\/span><\/p>\n<p><span style=\"color: #000000;\">Alle Hundezimmer befinden sich im Wohnhaus, sie sind hygienisch gefliest und individuell gestaltet. Da sich Hunde \u00fcblicherweise in der Gruppe am wohlsten f\u00fchlen, werden unsere Gasthunde nur bei Unvertr\u00e4glichkeit oder eigenem Ruhebed\u00fcrfnis allein untergebracht.<\/span><\/p>\n<p><span style=\"color: #000000;\">Die Hunde wohnen je nach Alter, Gr\u00f6\u00dfe und Temperament passend in 5 verschiedenen gro\u00dfz\u00fcgigen und freundlichen Hundezimmern zusammen. Die Hundezimmer sind im Anschluss an unserem privaten Bereich, somit immer im \u00dcberblick und nicht alleine.<\/span><\/p>\n<p><span style=\"color: #000000;\">Das gro\u00dfz\u00fcgige Areal (1 ha) mit \u00fcppigem Baumbestand bietet seinen vierbeinigen G\u00e4sten viel Auslauf in eingez\u00e4unten Fl\u00e4chen von 800 bis 1.500 qm.<\/span><\/p>\n<p><span style=\"color: #000000;\">Spa\u00df, Spiel und viel pers\u00f6nliche Zuwendung sorgen f\u00fcr einen abwechslungsreichen Aufenthalt.<\/span><\/p>\n<p><span style=\"color: #000000;\">Neben der Aktivzeit gibt es auch entspannende Ruhephasen und F\u00fctterungszeiten. Die \u201eMen\u00fcs\u201c werden individuell nach den jeweiligen Bed\u00fcrfnissen der gro\u00dfen und kleinen G\u00e4ste bis zu drei mal t\u00e4glich unter besonderer F\u00fcrsorge und Aufsicht auch mit Spezialfutter, Di\u00e4ten, tier\u00e4rztlichen Verordnungen, wie z.B. Medikamentenangaben genauestens zubereitet<\/span><\/p>\n","protected":false},"excerpt":{"rendered":"<p>Die Hundezimmer Maximales Wohlf\u00fchlen Ein Hundehotel kann das Zuhause f\u00fcr einen Hund nicht ersetzen. Aber wir machen den Aufenthalt f\u00fcr unsere G\u00e4ste so angenehm wie m\u00f6glich. Zum Beispiel durch Familienanschluss, mit unseren liebevoll gestalteten Zimmern und unser einzigartiges Wohlf\u00fchlklima. Alle Hundezimmer befinden sich im Wohnhaus, sie sind hygienisch gefliest und individuell gestaltet. Da sich Hunde [&hellip;]<\/p>\n","protected":false},"author":1,"featured_media":0,"parent":22,"menu_order":1,"comment_status":"closed","ping_status":"closed","template":"","meta":{"footnotes":""},"class_list":["post-17","page","type-page","status-publish","hentry"],"yoast_head":"<!-- This site is optimized with the Yoast SEO Premium plugin v15.0 - https:\/\/yoast.com\/wordpress\/plugins\/seo\/ -->\n<title>Die Hundezimmer | Hundezentrum Reichertshofen<\/title>\n<meta name=\"robots\" content=\"index, follow, max-snippet:-1, max-image-preview:large, max-video-preview:-1\" \/>\n<link rel=\"canonical\" href=\"https:\/\/hundezentrum-reichertshofen.de\/?page_id=17\" \/>\n<meta property=\"og:locale\" content=\"de_DE\" \/>\n<meta property=\"og:type\" content=\"article\" \/>\n<meta property=\"og:title\" content=\"Die Hundezimmer | Hundezentrum Reichertshofen\" \/>\n<meta property=\"og:description\" content=\"Die Hundezimmer Maximales Wohlf\u00fchlen Ein Hundehotel kann das Zuhause f\u00fcr einen Hund nicht ersetzen. Aber wir machen den Aufenthalt f\u00fcr unsere G\u00e4ste so angenehm wie m\u00f6glich. Zum Beispiel durch Familienanschluss, mit unseren liebevoll gestalteten Zimmern und unser einzigartiges Wohlf\u00fchlklima. Alle Hundezimmer befinden sich im Wohnhaus, sie sind hygienisch gefliest und individuell gestaltet. Da sich Hunde [&hellip;]\" \/>\n<meta property=\"og:url\" content=\"https:\/\/hundezentrum-reichertshofen.de\/?page_id=17\" \/>\n<meta property=\"og:site_name\" content=\"Hundezentrum Reichertshofen\" \/>\n<meta property=\"article:publisher\" content=\"https:\/\/www.facebook.com\/Hundezentrum.Reichertshofen\/\" \/>\n<meta property=\"article:modified_time\" content=\"2021-11-14T06:58:26+00:00\" \/>\n<meta property=\"fb:app_id\" content=\"1621591891461663\" \/>\n<meta name=\"twitter:card\" content=\"summary\" \/>\n<script type=\"application\/ld+json\" class=\"yoast-schema-graph\">{\"@context\":\"https:\/\/schema.org\",\"@graph\":[{\"@type\":\"WebSite\",\"@id\":\"https:\/\/hundezentrum-reichertshofen.de\/#website\",\"url\":\"https:\/\/hundezentrum-reichertshofen.de\/\",\"name\":\"Hundezentrum Reichertshofen\",\"description\":\"Meine Hundeschule - Mein Hundehotel - Ladengesch\\u00e4ft und Online-Shop\",\"potentialAction\":[{\"@type\":\"SearchAction\",\"target\":\"https:\/\/hundezentrum-reichertshofen.de\/?s={search_term_string}\",\"query-input\":\"required name=search_term_string\"}],\"inLanguage\":\"de\"},{\"@type\":\"WebPage\",\"@id\":\"https:\/\/hundezentrum-reichertshofen.de\/?page_id=17#webpage\",\"url\":\"https:\/\/hundezentrum-reichertshofen.de\/?page_id=17\",\"name\":\"Die Hundezimmer | Hundezentrum Reichertshofen\",\"isPartOf\":{\"@id\":\"https:\/\/hundezentrum-reichertshofen.de\/#website\"},\"datePublished\":\"2015-08-21T14:43:46+00:00\",\"dateModified\":\"2021-11-14T06:58:26+00:00\",\"inLanguage\":\"de\",\"potentialAction\":[{\"@type\":\"ReadAction\",\"target\":[\"https:\/\/hundezentrum-reichertshofen.de\/?page_id=17\"]}]}]}<\/script>\n<!-- \/ Yoast SEO Premium plugin. -->","_links":{"self":[{"href":"https:\/\/hundezentrum-reichertshofen.de\/index.php?rest_route=\/wp\/v2\/pages\/17","targetHints":{"allow":["GET"]}}],"collection":[{"href":"https:\/\/hundezentrum-reichertshofen.de\/index.php?rest_route=\/wp\/v2\/pages"}],"about":[{"href":"https:\/\/hundezentrum-reichertshofen.de\/index.php?rest_route=\/wp\/v2\/types\/page"}],"author":[{"embeddable":true,"href":"https:\/\/hundezentrum-reichertshofen.de\/index.php?rest_route=\/wp\/v2\/users\/1"}],"replies":[{"embeddable":true,"href":"https:\/\/hundezentrum-reichertshofen.de\/index.php?rest_route=%2Fwp%2Fv2%2Fcomments&post=17"}],"version-history":[{"count":9,"href":"https:\/\/hundezentrum-reichertshofen.de\/index.php?rest_route=\/wp\/v2\/pages\/17\/revisions"}],"predecessor-version":[{"id":28674,"href":"https:\/\/hundezentrum-reichertshofen.de\/index.php?rest_route=\/wp\/v2\/pages\/17\/revisions\/28674"}],"up":[{"embeddable":true,"href":"https:\/\/hundezentrum-reichertshofen.de\/index.php?rest_route=\/wp\/v2\/pages\/22"}],"wp:attachment":[{"href":"https:\/\/hundezentrum-reichertshofen.de\/index.php?rest_route=%2Fwp%2Fv2%2Fmedia&parent=17"}],"curies":[{"name":"wp","href":"https:\/\/api.w.org\/{rel}","templated":true}]}}