{"id":1417,"date":"2015-08-24T16:00:56","date_gmt":"2015-08-24T14:00:56","guid":{"rendered":"http:\/\/meinhundehotel.de\/?page_id=1417"},"modified":"2025-09-30T20:17:00","modified_gmt":"2025-09-30T18:17:00","slug":"annahme-und-ausgabe-der-pensionsgaeste","status":"publish","type":"page","link":"https:\/\/hundezentrum-reichertshofen.de\/?page_id=1417","title":{"rendered":"Annahme und Ausgabe"},"content":{"rendered":"<h1>Annahme und Ausgabe der Pensionsg\u00e4ste<\/h1>\n<p><span style=\"color: #000000;\">Annahme- und Ausgabezeiten f\u00fcr Pensionshunde<\/span><\/p>\n<p><span style=\"color: #000000;\">Wir sind mit Leib und Seele, rund um die Uhr, an sieben Tagen in der Woche f\u00fcr unsere vierbeinigen Pensiong\u00e4ste da. <\/span><\/p>\n<p><span style=\"color: #000000;\">Da wir Zeit ben\u00f6tigen, um mit den Zweibeinern zu spielen, zu f\u00fcttern und zu pflegen und um Ihnen auch Ruhezeiten zu g\u00f6nnen, k\u00f6nnen die Pensionsg\u00e4ste zu folgenden Zeiten abgegeben und abgeholt werden: <\/span><\/p>\n<ul>\n<li><span style=\"color: #000000;\">montags bis freitags von 7.00-10.00 Uhr und von 16.30-19.00 Uhr<\/span><\/li>\n<li><span style=\"color: #000000;\">samstags 8.00-9.00 sowie 17.00-19.00 Uhr<\/span><\/li>\n<li><span style=\"color: #000000;\">sonn- und feiertags grunds\u00e4tzlich keine Annahme, <strong>nur Ausgabe<\/strong> nach vorheriger Vereinbarung zwischen 8.00-10.00 Uhr<\/span><\/li>\n<\/ul>\n<p><span style=\"color: #000000;\">Wir bitten um Ihr Verst\u00e4ndnis, dass wir an Sonn- und Feiertagen nicht mehr regul\u00e4r ge\u00f6ffnet haben, um zumindest an einem Tag in der Woche etwas Ruhe in die Gruppe zu bringen &#8211; es ist f\u00fcr die anwesenden G\u00e4ste n\u00e4mlich ganz sch\u00f6n aufregend, wenn neue Freunde dazukommen oder abgeholt werden! Eine Tagesbetreuung an Sonn- und Feiertagen ist daher nicht m\u00f6glich, sondern nur noch mit \u00dcbernachtung und Abholung am vorherigen, bzw. n\u00e4chsten Tag.<\/span><\/p>\n","protected":false},"excerpt":{"rendered":"<p>Annahme und Ausgabe der Pensionsg\u00e4ste Annahme- und Ausgabezeiten f\u00fcr Pensionshunde Wir sind mit Leib und Seele, rund um die Uhr, an sieben Tagen in der Woche f\u00fcr unsere vierbeinigen Pensiong\u00e4ste da. Da wir Zeit ben\u00f6tigen, um mit den Zweibeinern zu spielen, zu f\u00fcttern und zu pflegen und um Ihnen auch Ruhezeiten zu g\u00f6nnen, k\u00f6nnen die [&hellip;]<\/p>\n","protected":false},"author":1,"featured_media":0,"parent":22,"menu_order":5,"comment_status":"closed","ping_status":"closed","template":"","meta":{"footnotes":""},"class_list":["post-1417","page","type-page","status-publish","hentry"],"yoast_head":"<!-- This site is optimized with the Yoast SEO Premium plugin v15.0 - https:\/\/yoast.com\/wordpress\/plugins\/seo\/ -->\n<title>Annahme und Ausgabe | Hundezentrum Reichertshofen<\/title>\n<meta name=\"robots\" content=\"index, follow, max-snippet:-1, max-image-preview:large, max-video-preview:-1\" \/>\n<link rel=\"canonical\" href=\"https:\/\/hundezentrum-reichertshofen.de\/?page_id=1417\" \/>\n<meta property=\"og:locale\" content=\"de_DE\" \/>\n<meta property=\"og:type\" content=\"article\" \/>\n<meta property=\"og:title\" content=\"Annahme und Ausgabe | Hundezentrum Reichertshofen\" \/>\n<meta property=\"og:description\" content=\"Annahme und Ausgabe der Pensionsg\u00e4ste Annahme- und Ausgabezeiten f\u00fcr Pensionshunde Wir sind mit Leib und Seele, rund um die Uhr, an sieben Tagen in der Woche f\u00fcr unsere vierbeinigen Pensiong\u00e4ste da. Da wir Zeit ben\u00f6tigen, um mit den Zweibeinern zu spielen, zu f\u00fcttern und zu pflegen und um Ihnen auch Ruhezeiten zu g\u00f6nnen, k\u00f6nnen die [&hellip;]\" \/>\n<meta property=\"og:url\" content=\"https:\/\/hundezentrum-reichertshofen.de\/?page_id=1417\" \/>\n<meta property=\"og:site_name\" content=\"Hundezentrum Reichertshofen\" \/>\n<meta property=\"article:publisher\" content=\"https:\/\/www.facebook.com\/Hundezentrum.Reichertshofen\/\" \/>\n<meta property=\"article:modified_time\" content=\"2025-09-30T18:17:00+00:00\" \/>\n<meta property=\"fb:app_id\" content=\"1621591891461663\" \/>\n<meta name=\"twitter:card\" content=\"summary\" \/>\n<script type=\"application\/ld+json\" class=\"yoast-schema-graph\">{\"@context\":\"https:\/\/schema.org\",\"@graph\":[{\"@type\":\"WebSite\",\"@id\":\"https:\/\/hundezentrum-reichertshofen.de\/#website\",\"url\":\"https:\/\/hundezentrum-reichertshofen.de\/\",\"name\":\"Hundezentrum Reichertshofen\",\"description\":\"Meine Hundeschule - Mein Hundehotel - Ladengesch\\u00e4ft und Online-Shop\",\"potentialAction\":[{\"@type\":\"SearchAction\",\"target\":\"https:\/\/hundezentrum-reichertshofen.de\/?s={search_term_string}\",\"query-input\":\"required name=search_term_string\"}],\"inLanguage\":\"de\"},{\"@type\":\"WebPage\",\"@id\":\"https:\/\/hundezentrum-reichertshofen.de\/?page_id=1417#webpage\",\"url\":\"https:\/\/hundezentrum-reichertshofen.de\/?page_id=1417\",\"name\":\"Annahme und Ausgabe | Hundezentrum Reichertshofen\",\"isPartOf\":{\"@id\":\"https:\/\/hundezentrum-reichertshofen.de\/#website\"},\"datePublished\":\"2015-08-24T14:00:56+00:00\",\"dateModified\":\"2025-09-30T18:17:00+00:00\",\"inLanguage\":\"de\",\"potentialAction\":[{\"@type\":\"ReadAction\",\"target\":[\"https:\/\/hundezentrum-reichertshofen.de\/?page_id=1417\"]}]}]}<\/script>\n<!-- \/ Yoast SEO Premium plugin. -->","_links":{"self":[{"href":"https:\/\/hundezentrum-reichertshofen.de\/index.php?rest_route=\/wp\/v2\/pages\/1417","targetHints":{"allow":["GET"]}}],"collection":[{"href":"https:\/\/hundezentrum-reichertshofen.de\/index.php?rest_route=\/wp\/v2\/pages"}],"about":[{"href":"https:\/\/hundezentrum-reichertshofen.de\/index.php?rest_route=\/wp\/v2\/types\/page"}],"author":[{"embeddable":true,"href":"https:\/\/hundezentrum-reichertshofen.de\/index.php?rest_route=\/wp\/v2\/users\/1"}],"replies":[{"embeddable":true,"href":"https:\/\/hundezentrum-reichertshofen.de\/index.php?rest_route=%2Fwp%2Fv2%2Fcomments&post=1417"}],"version-history":[{"count":11,"href":"https:\/\/hundezentrum-reichertshofen.de\/index.php?rest_route=\/wp\/v2\/pages\/1417\/revisions"}],"predecessor-version":[{"id":28869,"href":"https:\/\/hundezentrum-reichertshofen.de\/index.php?rest_route=\/wp\/v2\/pages\/1417\/revisions\/28869"}],"up":[{"embeddable":true,"href":"https:\/\/hundezentrum-reichertshofen.de\/index.php?rest_route=\/wp\/v2\/pages\/22"}],"wp:attachment":[{"href":"https:\/\/hundezentrum-reichertshofen.de\/index.php?rest_route=%2Fwp%2Fv2%2Fmedia&parent=1417"}],"curies":[{"name":"wp","href":"https:\/\/api.w.org\/{rel}","templated":true}]}}