{"id":1415,"date":"2015-08-24T15:55:34","date_gmt":"2015-08-24T13:55:34","guid":{"rendered":"http:\/\/meinhundehotel.de\/?page_id=1415"},"modified":"2021-11-14T08:00:34","modified_gmt":"2021-11-14T07:00:34","slug":"wohlfuehlen","status":"publish","type":"page","link":"https:\/\/hundezentrum-reichertshofen.de\/?page_id=1415","title":{"rendered":"Wohlf\u00fchlen"},"content":{"rendered":"<h1>Wohlf\u00fchlen<\/h1>\n<h3><strong>Keine Zeit f\u00fcr Traurigkeit<\/strong><\/h3>\n<p><span style=\"color: #000000;\">Hunde sind soziale Wesen. Sie ben\u00f6tigen Kontakt zu ihren Sozialpartnern, Zuwendung und klare Strukturen. Dies ist ein fester Bestandteil unserer Philosophie, und wir achten darauf, dass jeder Hund \u2013 sofern er das m\u00f6chte \u2013 t\u00e4glich seine Streicheleinheiten und ausreichend Ansprache erh\u00e4lt.<\/span><\/p>\n<p><span style=\"color: #000000;\">Da wir viele unserer G\u00e4ste regelm\u00e4\u00dfig und oft auch schon seit Jahren betreuen, k\u00f6nnen sich diese Hunde als wichtige Helfer f\u00fcr das Wohlf\u00fchlen erweisen: Selbst solche Hunde, die noch nie von ihren Besitzern getrennt waren, bekommen von ihren Artgenossen vermittelt, dass sie hier gut aufgehoben sind. Und wenn sich zwei (oder mehr) gefunden haben, die miteinander spielen, kommt Traurigkeit erst gar nicht auf.<\/span><\/p>\n","protected":false},"excerpt":{"rendered":"<p>Wohlf\u00fchlen Keine Zeit f\u00fcr Traurigkeit Hunde sind soziale Wesen. Sie ben\u00f6tigen Kontakt zu ihren Sozialpartnern, Zuwendung und klare Strukturen. Dies ist ein fester Bestandteil unserer Philosophie, und wir achten darauf, dass jeder Hund \u2013 sofern er das m\u00f6chte \u2013 t\u00e4glich seine Streicheleinheiten und ausreichend Ansprache erh\u00e4lt. Da wir viele unserer G\u00e4ste regelm\u00e4\u00dfig und oft auch [&hellip;]<\/p>\n","protected":false},"author":1,"featured_media":0,"parent":22,"menu_order":3,"comment_status":"closed","ping_status":"closed","template":"","meta":{"footnotes":""},"class_list":["post-1415","page","type-page","status-publish","hentry"],"yoast_head":"<!-- This site is optimized with the Yoast SEO Premium plugin v15.0 - https:\/\/yoast.com\/wordpress\/plugins\/seo\/ -->\n<title>Wohlf\u00fchlen | Hundezentrum Reichertshofen<\/title>\n<meta name=\"robots\" content=\"index, follow, max-snippet:-1, max-image-preview:large, max-video-preview:-1\" \/>\n<link rel=\"canonical\" href=\"https:\/\/hundezentrum-reichertshofen.de\/?page_id=1415\" \/>\n<meta property=\"og:locale\" content=\"de_DE\" \/>\n<meta property=\"og:type\" content=\"article\" \/>\n<meta property=\"og:title\" content=\"Wohlf\u00fchlen | Hundezentrum Reichertshofen\" \/>\n<meta property=\"og:description\" content=\"Wohlf\u00fchlen Keine Zeit f\u00fcr Traurigkeit Hunde sind soziale Wesen. Sie ben\u00f6tigen Kontakt zu ihren Sozialpartnern, Zuwendung und klare Strukturen. Dies ist ein fester Bestandteil unserer Philosophie, und wir achten darauf, dass jeder Hund \u2013 sofern er das m\u00f6chte \u2013 t\u00e4glich seine Streicheleinheiten und ausreichend Ansprache erh\u00e4lt. Da wir viele unserer G\u00e4ste regelm\u00e4\u00dfig und oft auch [&hellip;]\" \/>\n<meta property=\"og:url\" content=\"https:\/\/hundezentrum-reichertshofen.de\/?page_id=1415\" \/>\n<meta property=\"og:site_name\" content=\"Hundezentrum Reichertshofen\" \/>\n<meta property=\"article:publisher\" content=\"https:\/\/www.facebook.com\/Hundezentrum.Reichertshofen\/\" \/>\n<meta property=\"article:modified_time\" content=\"2021-11-14T07:00:34+00:00\" \/>\n<meta property=\"fb:app_id\" content=\"1621591891461663\" \/>\n<meta name=\"twitter:card\" content=\"summary\" \/>\n<script type=\"application\/ld+json\" class=\"yoast-schema-graph\">{\"@context\":\"https:\/\/schema.org\",\"@graph\":[{\"@type\":\"WebSite\",\"@id\":\"https:\/\/hundezentrum-reichertshofen.de\/#website\",\"url\":\"https:\/\/hundezentrum-reichertshofen.de\/\",\"name\":\"Hundezentrum Reichertshofen\",\"description\":\"Meine Hundeschule - Mein Hundehotel - Ladengesch\\u00e4ft und Online-Shop\",\"potentialAction\":[{\"@type\":\"SearchAction\",\"target\":\"https:\/\/hundezentrum-reichertshofen.de\/?s={search_term_string}\",\"query-input\":\"required name=search_term_string\"}],\"inLanguage\":\"de\"},{\"@type\":\"WebPage\",\"@id\":\"https:\/\/hundezentrum-reichertshofen.de\/?page_id=1415#webpage\",\"url\":\"https:\/\/hundezentrum-reichertshofen.de\/?page_id=1415\",\"name\":\"Wohlf\\u00fchlen | Hundezentrum Reichertshofen\",\"isPartOf\":{\"@id\":\"https:\/\/hundezentrum-reichertshofen.de\/#website\"},\"datePublished\":\"2015-08-24T13:55:34+00:00\",\"dateModified\":\"2021-11-14T07:00:34+00:00\",\"inLanguage\":\"de\",\"potentialAction\":[{\"@type\":\"ReadAction\",\"target\":[\"https:\/\/hundezentrum-reichertshofen.de\/?page_id=1415\"]}]}]}<\/script>\n<!-- \/ Yoast SEO Premium plugin. -->","_links":{"self":[{"href":"https:\/\/hundezentrum-reichertshofen.de\/index.php?rest_route=\/wp\/v2\/pages\/1415","targetHints":{"allow":["GET"]}}],"collection":[{"href":"https:\/\/hundezentrum-reichertshofen.de\/index.php?rest_route=\/wp\/v2\/pages"}],"about":[{"href":"https:\/\/hundezentrum-reichertshofen.de\/index.php?rest_route=\/wp\/v2\/types\/page"}],"author":[{"embeddable":true,"href":"https:\/\/hundezentrum-reichertshofen.de\/index.php?rest_route=\/wp\/v2\/users\/1"}],"replies":[{"embeddable":true,"href":"https:\/\/hundezentrum-reichertshofen.de\/index.php?rest_route=%2Fwp%2Fv2%2Fcomments&post=1415"}],"version-history":[{"count":8,"href":"https:\/\/hundezentrum-reichertshofen.de\/index.php?rest_route=\/wp\/v2\/pages\/1415\/revisions"}],"predecessor-version":[{"id":28679,"href":"https:\/\/hundezentrum-reichertshofen.de\/index.php?rest_route=\/wp\/v2\/pages\/1415\/revisions\/28679"}],"up":[{"embeddable":true,"href":"https:\/\/hundezentrum-reichertshofen.de\/index.php?rest_route=\/wp\/v2\/pages\/22"}],"wp:attachment":[{"href":"https:\/\/hundezentrum-reichertshofen.de\/index.php?rest_route=%2Fwp%2Fv2%2Fmedia&parent=1415"}],"curies":[{"name":"wp","href":"https:\/\/api.w.org\/{rel}","templated":true}]}}