{"id":1410,"date":"2015-08-24T15:53:20","date_gmt":"2015-08-24T13:53:20","guid":{"rendered":"http:\/\/meinhundehotel.de\/?page_id=1410"},"modified":"2021-11-14T08:01:41","modified_gmt":"2021-11-14T07:01:41","slug":"verpflegung","status":"publish","type":"page","link":"https:\/\/hundezentrum-reichertshofen.de\/?page_id=1410","title":{"rendered":"Verpflegung"},"content":{"rendered":"<h1>Verpflegung<\/h1>\n<h3><strong>Guten Appetit!\u00a0<\/strong><\/h3>\n<p>In den \u00dcbernachtungspreisen ist gesundes und hochwertiges Futter inbegriffen. Allerdings ist ein pl\u00f6tzlicher Futterwechsel f\u00fcr Hunde nicht gesund. Bei einem Kurzaufenthalt, z. B. \u00fcber das Wochenende, empfehlen wir daher, eigenes Futter mitzubringen.<\/p>\n","protected":false},"excerpt":{"rendered":"<p>Verpflegung Guten Appetit!\u00a0 In den \u00dcbernachtungspreisen ist gesundes und hochwertiges Futter inbegriffen. Allerdings ist ein pl\u00f6tzlicher Futterwechsel f\u00fcr Hunde nicht gesund. Bei einem Kurzaufenthalt, z. B. \u00fcber das Wochenende, empfehlen wir daher, eigenes Futter mitzubringen.<\/p>\n","protected":false},"author":1,"featured_media":0,"parent":22,"menu_order":4,"comment_status":"closed","ping_status":"closed","template":"","meta":{"footnotes":""},"class_list":["post-1410","page","type-page","status-publish","hentry"],"yoast_head":"<!-- This site is optimized with the Yoast SEO Premium plugin v15.0 - https:\/\/yoast.com\/wordpress\/plugins\/seo\/ -->\n<title>Verpflegung | Hundezentrum Reichertshofen<\/title>\n<meta name=\"robots\" content=\"index, follow, max-snippet:-1, max-image-preview:large, max-video-preview:-1\" \/>\n<link rel=\"canonical\" href=\"https:\/\/hundezentrum-reichertshofen.de\/?page_id=1410\" \/>\n<meta property=\"og:locale\" content=\"de_DE\" \/>\n<meta property=\"og:type\" content=\"article\" \/>\n<meta property=\"og:title\" content=\"Verpflegung | Hundezentrum Reichertshofen\" \/>\n<meta property=\"og:description\" content=\"Verpflegung Guten Appetit!\u00a0 In den \u00dcbernachtungspreisen ist gesundes und hochwertiges Futter inbegriffen. Allerdings ist ein pl\u00f6tzlicher Futterwechsel f\u00fcr Hunde nicht gesund. Bei einem Kurzaufenthalt, z. B. \u00fcber das Wochenende, empfehlen wir daher, eigenes Futter mitzubringen.\" \/>\n<meta property=\"og:url\" content=\"https:\/\/hundezentrum-reichertshofen.de\/?page_id=1410\" \/>\n<meta property=\"og:site_name\" content=\"Hundezentrum Reichertshofen\" \/>\n<meta property=\"article:publisher\" content=\"https:\/\/www.facebook.com\/Hundezentrum.Reichertshofen\/\" \/>\n<meta property=\"article:modified_time\" content=\"2021-11-14T07:01:41+00:00\" \/>\n<meta property=\"fb:app_id\" content=\"1621591891461663\" \/>\n<meta name=\"twitter:card\" content=\"summary\" \/>\n<script type=\"application\/ld+json\" class=\"yoast-schema-graph\">{\"@context\":\"https:\/\/schema.org\",\"@graph\":[{\"@type\":\"WebSite\",\"@id\":\"https:\/\/hundezentrum-reichertshofen.de\/#website\",\"url\":\"https:\/\/hundezentrum-reichertshofen.de\/\",\"name\":\"Hundezentrum Reichertshofen\",\"description\":\"Meine Hundeschule - Mein Hundehotel - Ladengesch\\u00e4ft und Online-Shop\",\"potentialAction\":[{\"@type\":\"SearchAction\",\"target\":\"https:\/\/hundezentrum-reichertshofen.de\/?s={search_term_string}\",\"query-input\":\"required name=search_term_string\"}],\"inLanguage\":\"de\"},{\"@type\":\"WebPage\",\"@id\":\"https:\/\/hundezentrum-reichertshofen.de\/?page_id=1410#webpage\",\"url\":\"https:\/\/hundezentrum-reichertshofen.de\/?page_id=1410\",\"name\":\"Verpflegung | Hundezentrum Reichertshofen\",\"isPartOf\":{\"@id\":\"https:\/\/hundezentrum-reichertshofen.de\/#website\"},\"datePublished\":\"2015-08-24T13:53:20+00:00\",\"dateModified\":\"2021-11-14T07:01:41+00:00\",\"inLanguage\":\"de\",\"potentialAction\":[{\"@type\":\"ReadAction\",\"target\":[\"https:\/\/hundezentrum-reichertshofen.de\/?page_id=1410\"]}]}]}<\/script>\n<!-- \/ Yoast SEO Premium plugin. -->","_links":{"self":[{"href":"https:\/\/hundezentrum-reichertshofen.de\/index.php?rest_route=\/wp\/v2\/pages\/1410","targetHints":{"allow":["GET"]}}],"collection":[{"href":"https:\/\/hundezentrum-reichertshofen.de\/index.php?rest_route=\/wp\/v2\/pages"}],"about":[{"href":"https:\/\/hundezentrum-reichertshofen.de\/index.php?rest_route=\/wp\/v2\/types\/page"}],"author":[{"embeddable":true,"href":"https:\/\/hundezentrum-reichertshofen.de\/index.php?rest_route=\/wp\/v2\/users\/1"}],"replies":[{"embeddable":true,"href":"https:\/\/hundezentrum-reichertshofen.de\/index.php?rest_route=%2Fwp%2Fv2%2Fcomments&post=1410"}],"version-history":[{"count":8,"href":"https:\/\/hundezentrum-reichertshofen.de\/index.php?rest_route=\/wp\/v2\/pages\/1410\/revisions"}],"predecessor-version":[{"id":28683,"href":"https:\/\/hundezentrum-reichertshofen.de\/index.php?rest_route=\/wp\/v2\/pages\/1410\/revisions\/28683"}],"up":[{"embeddable":true,"href":"https:\/\/hundezentrum-reichertshofen.de\/index.php?rest_route=\/wp\/v2\/pages\/22"}],"wp:attachment":[{"href":"https:\/\/hundezentrum-reichertshofen.de\/index.php?rest_route=%2Fwp%2Fv2%2Fmedia&parent=1410"}],"curies":[{"name":"wp","href":"https:\/\/api.w.org\/{rel}","templated":true}]}}