{"id":1389,"date":"2015-08-23T18:53:16","date_gmt":"2015-08-23T16:53:16","guid":{"rendered":"http:\/\/meinhundehotel.de\/?page_id=1389"},"modified":"2020-06-30T23:30:00","modified_gmt":"2020-06-30T21:30:00","slug":"hundebereich-draussen","status":"publish","type":"page","link":"https:\/\/hundezentrum-reichertshofen.de\/?page_id=1389","title":{"rendered":"Hundeausl\u00e4ufe"},"content":{"rendered":"<h1>Die Hundeausl\u00e4ufe<\/h1>\n<p>Unser gesamtes Grundst\u00fcck umfasst knapp 10.000 Quadratmeter. Auf unserer Hofstelle haben wir drei Freil\u00e4ufe eingerichtet, in denen die Hunde tags\u00fcber ausgiebig mit Artgenossen spielen k\u00f6nnen, die zu ihrem Temperament und ihrer Gr\u00f6\u00dfe passen.<\/p>\n","protected":false},"excerpt":{"rendered":"<p>Die Hundeausl\u00e4ufe Unser gesamtes Grundst\u00fcck umfasst knapp 10.000 Quadratmeter. Auf unserer Hofstelle haben wir drei Freil\u00e4ufe eingerichtet, in denen die Hunde tags\u00fcber ausgiebig mit Artgenossen spielen k\u00f6nnen, die zu ihrem Temperament und ihrer Gr\u00f6\u00dfe passen.<\/p>\n","protected":false},"author":1,"featured_media":0,"parent":22,"menu_order":2,"comment_status":"closed","ping_status":"closed","template":"","meta":{"footnotes":""},"class_list":["post-1389","page","type-page","status-publish","hentry"],"yoast_head":"<!-- This site is optimized with the Yoast SEO Premium plugin v15.0 - https:\/\/yoast.com\/wordpress\/plugins\/seo\/ -->\n<title>Hundeausl\u00e4ufe | Hundezentrum Reichertshofen<\/title>\n<meta name=\"robots\" content=\"index, follow, max-snippet:-1, max-image-preview:large, max-video-preview:-1\" \/>\n<link rel=\"canonical\" href=\"https:\/\/hundezentrum-reichertshofen.de\/?page_id=1389\" \/>\n<meta property=\"og:locale\" content=\"de_DE\" \/>\n<meta property=\"og:type\" content=\"article\" \/>\n<meta property=\"og:title\" content=\"Hundeausl\u00e4ufe | Hundezentrum Reichertshofen\" \/>\n<meta property=\"og:description\" content=\"Die Hundeausl\u00e4ufe Unser gesamtes Grundst\u00fcck umfasst knapp 10.000 Quadratmeter. Auf unserer Hofstelle haben wir drei Freil\u00e4ufe eingerichtet, in denen die Hunde tags\u00fcber ausgiebig mit Artgenossen spielen k\u00f6nnen, die zu ihrem Temperament und ihrer Gr\u00f6\u00dfe passen.\" \/>\n<meta property=\"og:url\" content=\"https:\/\/hundezentrum-reichertshofen.de\/?page_id=1389\" \/>\n<meta property=\"og:site_name\" content=\"Hundezentrum Reichertshofen\" \/>\n<meta property=\"article:publisher\" content=\"https:\/\/www.facebook.com\/Hundezentrum.Reichertshofen\/\" \/>\n<meta property=\"article:modified_time\" content=\"2020-06-30T21:30:00+00:00\" \/>\n<meta property=\"fb:app_id\" content=\"1621591891461663\" \/>\n<meta name=\"twitter:card\" content=\"summary\" \/>\n<script type=\"application\/ld+json\" class=\"yoast-schema-graph\">{\"@context\":\"https:\/\/schema.org\",\"@graph\":[{\"@type\":\"WebSite\",\"@id\":\"https:\/\/hundezentrum-reichertshofen.de\/#website\",\"url\":\"https:\/\/hundezentrum-reichertshofen.de\/\",\"name\":\"Hundezentrum Reichertshofen\",\"description\":\"Meine Hundeschule - Mein Hundehotel - Ladengesch\\u00e4ft und Online-Shop\",\"potentialAction\":[{\"@type\":\"SearchAction\",\"target\":\"https:\/\/hundezentrum-reichertshofen.de\/?s={search_term_string}\",\"query-input\":\"required name=search_term_string\"}],\"inLanguage\":\"de\"},{\"@type\":\"WebPage\",\"@id\":\"https:\/\/hundezentrum-reichertshofen.de\/?page_id=1389#webpage\",\"url\":\"https:\/\/hundezentrum-reichertshofen.de\/?page_id=1389\",\"name\":\"Hundeausl\\u00e4ufe | Hundezentrum Reichertshofen\",\"isPartOf\":{\"@id\":\"https:\/\/hundezentrum-reichertshofen.de\/#website\"},\"datePublished\":\"2015-08-23T16:53:16+00:00\",\"dateModified\":\"2020-06-30T21:30:00+00:00\",\"inLanguage\":\"de\",\"potentialAction\":[{\"@type\":\"ReadAction\",\"target\":[\"https:\/\/hundezentrum-reichertshofen.de\/?page_id=1389\"]}]}]}<\/script>\n<!-- \/ Yoast SEO Premium plugin. -->","_links":{"self":[{"href":"https:\/\/hundezentrum-reichertshofen.de\/index.php?rest_route=\/wp\/v2\/pages\/1389","targetHints":{"allow":["GET"]}}],"collection":[{"href":"https:\/\/hundezentrum-reichertshofen.de\/index.php?rest_route=\/wp\/v2\/pages"}],"about":[{"href":"https:\/\/hundezentrum-reichertshofen.de\/index.php?rest_route=\/wp\/v2\/types\/page"}],"author":[{"embeddable":true,"href":"https:\/\/hundezentrum-reichertshofen.de\/index.php?rest_route=\/wp\/v2\/users\/1"}],"replies":[{"embeddable":true,"href":"https:\/\/hundezentrum-reichertshofen.de\/index.php?rest_route=%2Fwp%2Fv2%2Fcomments&post=1389"}],"version-history":[{"count":13,"href":"https:\/\/hundezentrum-reichertshofen.de\/index.php?rest_route=\/wp\/v2\/pages\/1389\/revisions"}],"predecessor-version":[{"id":28678,"href":"https:\/\/hundezentrum-reichertshofen.de\/index.php?rest_route=\/wp\/v2\/pages\/1389\/revisions\/28678"}],"up":[{"embeddable":true,"href":"https:\/\/hundezentrum-reichertshofen.de\/index.php?rest_route=\/wp\/v2\/pages\/22"}],"wp:attachment":[{"href":"https:\/\/hundezentrum-reichertshofen.de\/index.php?rest_route=%2Fwp%2Fv2%2Fmedia&parent=1389"}],"curies":[{"name":"wp","href":"https:\/\/api.w.org\/{rel}","templated":true}]}}